{"id":1152,"date":"2022-04-27T13:19:17","date_gmt":"2022-04-27T13:19:17","guid":{"rendered":"https:\/\/jettescamino.dk\/?page_id=1152"},"modified":"2024-03-23T20:30:06","modified_gmt":"2024-03-23T20:30:06","slug":"10-juni-llianes-ribadesella-29-km","status":"publish","type":"page","link":"https:\/\/jettescamino.dk\/?page_id=1152","title":{"rendered":"10. juni Llianes \u2013 Ribadesella\u00a0 29 km"},"content":{"rendered":"\n<p>Gik fra Llianes kl. 7.45.<\/p>\n\n\n\n<p>Listede en besked ind under d\u00f8ren til Horst og Roswitha. S\u00e5 de viste at jeg var g\u00e5et. Ville egentlig gerne have ventet p\u00e5 dem, men de er altid s\u00e5 l\u00e6nge om at komme i gang om morgenen og jeg har ikke t\u00e5lmodighed til at vente.<\/p>\n\n\n\n<p>Da jeg har g\u00e5et i 5 minutter, begynder det at regne. Ja selvf\u00f8lgelig, man har snart v\u00e6nnet sig til det. Og jeg er bare s\u00e5 lykkelig over at v\u00e6re p\u00e5 banen igen. P\u00e5 en campingplads er jeg inde og drikke morgenkaffe med tostada. V\u00e6rten kommer og for\u00e6rer mig et glas juice. Og da jeg g\u00e5r \u00f8nsker alle mig en god rejse. Det er s\u00e5dan noget, der er s\u00e5 dejligt bekr\u00e6ftende. Det er som om de respekterer en for det man er i gang med. Det g\u00f8r vejen lidt nemmere.<\/p>\n\n\n\n<figure class=\"wp-block-gallery has-nested-images columns-default is-cropped wp-block-gallery-1 is-layout-flex wp-block-gallery-is-layout-flex\">\n<figure class=\"wp-block-image size-large\"><img loading=\"lazy\" decoding=\"async\" width=\"1024\" height=\"768\" data-id=\"2711\" src=\"https:\/\/jettescamino.dk\/wp-content\/uploads\/2022\/05\/IMG_6113-1024x768.jpg\" alt=\"\" class=\"wp-image-2711\"\/><\/figure>\n\n\n\n<figure class=\"wp-block-image size-large\"><img loading=\"lazy\" decoding=\"async\" width=\"1024\" height=\"768\" data-id=\"2710\" src=\"https:\/\/jettescamino.dk\/wp-content\/uploads\/2022\/05\/IMG_6117-1024x768.jpg\" alt=\"\" class=\"wp-image-2710\"\/><\/figure>\n<\/figure>\n\n\n\n<p>Et stykke tid efter kommer jeg forbi Igesia Nuestra Senora de los Dolores med kirkeg\u00e5rden der n\u00e6sten ligger ude i vandet. En meget smuk kirke der ligger n\u00e6sten ude i vandet. Her er utroligt smukt.<\/p>\n\n\n\n<figure class=\"wp-block-gallery has-nested-images columns-default is-cropped wp-block-gallery-2 is-layout-flex wp-block-gallery-is-layout-flex\">\n<figure class=\"wp-block-image size-large\"><img decoding=\"async\" data-id=\"2708\" src=\"https:\/\/jettescamino.dk\/wp-content\/uploads\/2022\/05\/IMG_6122.jpg\" alt=\"\" class=\"wp-image-2708\"\/><\/figure>\n\n\n\n<figure class=\"wp-block-image size-large\"><img decoding=\"async\" data-id=\"2709\" src=\"https:\/\/jettescamino.dk\/wp-content\/uploads\/2022\/05\/IMG_6131.jpg\" alt=\"\" class=\"wp-image-2709\"\/><\/figure>\n<\/figure>\n\n\n\n<figure class=\"wp-block-image size-large\"><img loading=\"lazy\" decoding=\"async\" width=\"1024\" height=\"768\" src=\"https:\/\/jettescamino.dk\/wp-content\/uploads\/2022\/05\/IMG_6138-1024x768.jpg\" alt=\"\" class=\"wp-image-2712\"\/><figcaption class=\"wp-element-caption\"><em>Der er stadig meget v\u00e5dt p\u00e5 stien<\/em><\/figcaption><\/figure>\n\n\n\n<figure class=\"wp-block-image size-large\"><img loading=\"lazy\" decoding=\"async\" width=\"1024\" height=\"768\" src=\"https:\/\/jettescamino.dk\/wp-content\/uploads\/2022\/05\/IMG_6160-1024x768.jpg\" alt=\"\" class=\"wp-image-2713\"\/><\/figure>\n\n\n\n<figure class=\"wp-block-gallery has-nested-images columns-default is-cropped wp-block-gallery-3 is-layout-flex wp-block-gallery-is-layout-flex\">\n<figure class=\"wp-block-image size-large\"><img loading=\"lazy\" decoding=\"async\" width=\"1024\" height=\"768\" data-id=\"2715\" src=\"https:\/\/jettescamino.dk\/wp-content\/uploads\/2022\/05\/IMG_6162-1024x768.jpg\" alt=\"\" class=\"wp-image-2715\"\/><\/figure>\n\n\n\n<figure class=\"wp-block-image size-large\"><img loading=\"lazy\" decoding=\"async\" width=\"1024\" height=\"768\" data-id=\"2714\" src=\"https:\/\/jettescamino.dk\/wp-content\/uploads\/2022\/05\/IMG_6163-1024x768.jpg\" alt=\"\" class=\"wp-image-2714\"\/><\/figure>\n<figcaption class=\"blocks-gallery-caption wp-element-caption\"><em>Og det regner stadig<\/em><\/figcaption><\/figure>\n\n\n\n<p>Efter 8 timer i regnvejr ankommer jeg til Ribadesella. Jeg er meget v\u00e5d, men jeg kan ikke finde alberget. Sp\u00f8rger efter turistbureauet. Det plejer at v\u00e6re en god ting. Det ligger nede p\u00e5 havneomr\u00e5det men er ikke \u00e5bnet endnu.<\/p>\n\n\n\n<p>G\u00e5r lidt rundt i byen for at finde caminoen som jeg har mistet. M\u00e5ske den kan f\u00f8re mig til alberget. Men nej, jeg er lost. Og jeg aner ikke hvor jeg skal videre. St\u00e5r en halv time og venter i \u00f8sende regn, til en sur kvinde \u00e5bner turistbureauet. \u201dAlberget. Det er lige over broen og ud til kysten.\u201d vrisser hun. OK, men beh\u00f8ver hun at sige det i den tone.<\/p>\n\n\n\n<p><\/p>\n\n\n\n<figure class=\"wp-block-image size-large\"><img loading=\"lazy\" decoding=\"async\" width=\"1024\" height=\"768\" src=\"https:\/\/jettescamino.dk\/wp-content\/uploads\/2022\/05\/IMG_6168-1024x768.jpg\" alt=\"\" class=\"wp-image-2716\"\/><figcaption class=\"wp-element-caption\"><em>Endelig t\u00f8rvejr<\/em><\/figcaption><\/figure>\n\n\n\n<p>Efter kort tid kommer jeg endelig til alberget. Det er et ungdomsherberg og der bor en del unge mennesker, men jeg f\u00e5r en 6-sengsstue for mig selv p\u00e5 2. sal. Der er en sk\u00f8n udsigt ud over stranden.<\/p>\n\n\n\n<p>Efter et dejligt varmt bad, vasker jeg t\u00f8j. Jeg m\u00e5 ikke benytte stedets vaskemaskine. Men jeg h\u00e6nger mit t\u00f8j ud i bl\u00e6sten. Solen skinner nu, s\u00e5 der er en chance for, at det n\u00e5r at t\u00f8rre.<\/p>\n\n\n\n<p>G\u00e5r p\u00e5 en n\u00e6rliggende bar og f\u00e5r en velfortjent Mahou. En dejlig spansk \u00f8l. N\u00e5r man sidder her, har dagen alligevel ikke v\u00e6ret s\u00e5 slem, men jeg er lidt mat i sokkerne. G\u00e5r tilbage til alberget. Og p\u00e5 vejen handler jeg ind i supermarkedet. Lidt frisk br\u00f8d, skinke og et par \u00f8l. Da jeg kommer tilbage, ligger mit t\u00f8j p\u00e5 fliserne og er absolut ikke t\u00f8rt. Men det bl\u00e6ser en halv pelikan, s\u00e5 der skulle jo stadig v\u00e6re en chance. Jeg s\u00e6tter mig ud p\u00e5 terrassen og spiser og drikker en af mine \u00f8l. S\u00e5 kan jeg samtidig holde \u00f8je med mit vasket\u00f8j. Jeg er meget tr\u00e6t. To \u00f8l p\u00e5 en eftermiddag er lige i overkanten af hvad jeg kan klare.<br>G\u00e5r ud i receptionen og sp\u00f8rger lederen om jeg m\u00e5 l\u00e5ne computeren. Jeg l\u00e6nges efter at sende en mail hjem. Men computeren virker ikke.\u00a0 N\u00e5, eller ogs\u00e5 m\u00e5 jeg bare ikke l\u00e5ne den, ligesom vaskemaskinen. Men pludselig kommer Andreas, Marina og Katrin ind ad d\u00f8ren. Dejligt at se nogle kendte ansigter. Der er ogs\u00e5 kommet en anden ung tysk fyr Aljascha. Hans f\u00f8dder har det ikke for godt, men han er meget s\u00f8d.<\/p>\n\n\n\n<figure class=\"wp-block-image size-large\"><img loading=\"lazy\" decoding=\"async\" width=\"1024\" height=\"768\" src=\"https:\/\/jettescamino.dk\/wp-content\/uploads\/2022\/05\/IMG_6173-1024x768.jpg\" alt=\"\" class=\"wp-image-2717\"\/><figcaption class=\"wp-element-caption\"> <em>Aljaschas f\u00f8dder<\/em><\/figcaption><\/figure>\n\n\n\n<p>Aljascha er kun 21 \u00e5r, men med en masse livserfaring og han vil gerne snakke med s\u00e5dan en gammel en som mig. Vi g\u00e5r alle ud og spiser til aften. Jeg er egentlig ikke sulten, men f\u00e5r en salat. Aljascha bestiller en pizza og jeg sp\u00f8rger om han ikke vil have noget af min salat. Nej tak. Pizzaen er rigelig. Men jeg har p\u00e5 fornemmelsen, at han ikke har s\u00e5 mange penge. Da vi er f\u00e6rdige med at spise og jeg kun har spist sporadisk af min salat sp\u00f8rger han, om jeg ikke skal have mere. Og han hugger min salat i sig. Han har godt nok en god appetit.<\/p>\n\n\n\n<p>Jeg er meget tr\u00e6t nu efter 3 \u00f8l i dag. Og tilbage i herberget h\u00e6nger jeg alt mit stadig v\u00e5de vasket\u00f8j op i v\u00e6relset og falder i s\u00f8vn.&nbsp;&nbsp;&nbsp;<\/p>\n\n\n","protected":false},"excerpt":{"rendered":"<p>Gik fra Llianes kl. 7.45. Listede en besked ind under d\u00f8ren til Horst og Roswitha. S\u00e5 de viste at jeg var g\u00e5et. Ville egentlig gerne have ventet p\u00e5 dem, men&hellip; <\/p>\n","protected":false},"author":1,"featured_media":0,"parent":83,"menu_order":18,"comment_status":"closed","ping_status":"closed","template":"","meta":{"footnotes":""},"class_list":["post-1152","page","type-page","status-publish","hentry"],"_links":{"self":[{"href":"https:\/\/jettescamino.dk\/index.php?rest_route=\/wp\/v2\/pages\/1152","targetHints":{"allow":["GET"]}}],"collection":[{"href":"https:\/\/jettescamino.dk\/index.php?rest_route=\/wp\/v2\/pages"}],"about":[{"href":"https:\/\/jettescamino.dk\/index.php?rest_route=\/wp\/v2\/types\/page"}],"author":[{"embeddable":true,"href":"https:\/\/jettescamino.dk\/index.php?rest_route=\/wp\/v2\/users\/1"}],"replies":[{"embeddable":true,"href":"https:\/\/jettescamino.dk\/index.php?rest_route=%2Fwp%2Fv2%2Fcomments&post=1152"}],"version-history":[{"count":6,"href":"https:\/\/jettescamino.dk\/index.php?rest_route=\/wp\/v2\/pages\/1152\/revisions"}],"predecessor-version":[{"id":7387,"href":"https:\/\/jettescamino.dk\/index.php?rest_route=\/wp\/v2\/pages\/1152\/revisions\/7387"}],"up":[{"embeddable":true,"href":"https:\/\/jettescamino.dk\/index.php?rest_route=\/wp\/v2\/pages\/83"}],"wp:attachment":[{"href":"https:\/\/jettescamino.dk\/index.php?rest_route=%2Fwp%2Fv2%2Fmedia&parent=1152"}],"curies":[{"name":"wp","href":"https:\/\/api.w.org\/{rel}","templated":true}]}}