{"id":1170,"date":"2022-04-27T13:49:36","date_gmt":"2022-04-27T13:49:36","guid":{"rendered":"https:\/\/jettescamino.dk\/?page_id=1170"},"modified":"2024-02-25T11:15:48","modified_gmt":"2024-02-25T11:15:48","slug":"16-juni-san-juan-de-villa-panade-salas-19-km","status":"publish","type":"page","link":"https:\/\/jettescamino.dk\/?page_id=1170","title":{"rendered":"16. juni San Juan de Villa panade \u2013 Salas\u00a0 19 km"},"content":{"rendered":"\n<p>De f\u00f8rste gik allerede kl. 6. Ret irriterende. Lige n\u00e5r man selv sover allerbedst. Og det er slet ikke n\u00f8dvendigt.<\/p>\n\n\n\n<figure class=\"wp-block-image size-large\"><img loading=\"lazy\" decoding=\"async\" width=\"1024\" height=\"768\" src=\"https:\/\/jettescamino.dk\/wp-content\/uploads\/2022\/05\/IMG_6528-1024x768.jpg\" alt=\"\" class=\"wp-image-2798\"\/><\/figure>\n\n\n\n<p>Jeg stod selv op kl. 7 og var hurtigt ude af d\u00f8ren. Uden morgenmad.<\/p>\n\n\n\n<p>Jeg gik alene og selvf\u00f8lgelig den forkerte vej. Det burde v\u00e6re et advarselssignal, pludselig at komme til en lille landsby hvor g\u00f8ende og aggressive hunde g\u00e5r l\u00f8s. Og jeg har ikke h\u00f8rt g\u00f8en tidligere selv om der gik to pilgrimme 10-15 min f\u00f8r mig. En venlig bonde kalder p\u00e5 mig og siger at jeg skulle have drejet v\u00e6k fra vejen tidligere. Jeg vender om og m\u00f8der de sidste fra herberget.<\/p>\n\n\n\n<figure class=\"wp-block-image size-large\"><img loading=\"lazy\" decoding=\"async\" width=\"1024\" height=\"768\" src=\"https:\/\/jettescamino.dk\/wp-content\/uploads\/2022\/05\/IMG_6529-1024x768.jpg\" alt=\"\" class=\"wp-image-2799\"\/><\/figure>\n\n\n\n<p>Vi f\u00f8lges til dagens f\u00f8rste bar, hvor vi drikker morgenkaffe kl. 9.00.<\/p>\n\n\n\n<p><\/p>\n\n\n\n<figure class=\"wp-block-image size-large\"><img loading=\"lazy\" decoding=\"async\" width=\"1024\" height=\"768\" src=\"https:\/\/jettescamino.dk\/wp-content\/uploads\/2022\/05\/IMG_6536-1024x768.jpg\" alt=\"\" class=\"wp-image-2800\"\/><\/figure>\n\n\n\n<p>Jeg har p\u00e5 fornemmelsen at de to i r\u00f8dt og bl\u00e5t er br\u00f8dre. De sidder og tjekker vejrudsigten p\u00e5 TV.<br>Efter dejlig Cafe Solo og Pan Tostada med ahornsirup, g\u00e5r jeg alene. De andre sidder stadig og ser fjernsyn.<\/p>\n\n\n\n<figure class=\"wp-block-gallery has-nested-images columns-default is-cropped wp-block-gallery-1 is-layout-flex wp-block-gallery-is-layout-flex\">\n<figure class=\"wp-block-image size-large\"><img loading=\"lazy\" decoding=\"async\" width=\"1024\" height=\"768\" data-id=\"2935\" src=\"https:\/\/jettescamino.dk\/wp-content\/uploads\/2022\/05\/IMG_6555-1024x768.jpg\" alt=\"\" class=\"wp-image-2935\"\/><\/figure>\n\n\n\n<figure class=\"wp-block-image size-large\"><img loading=\"lazy\" decoding=\"async\" width=\"1024\" height=\"768\" data-id=\"2933\" src=\"https:\/\/jettescamino.dk\/wp-content\/uploads\/2022\/05\/IMG_6560-1024x768.jpg\" alt=\"\" class=\"wp-image-2933\"\/><\/figure>\n<figcaption class=\"blocks-gallery-caption wp-element-caption\"><em>Gik resten af dagen i regnvejr<\/em><\/figcaption><\/figure>\n\n\n\n<p><\/p>\n\n\n\n<figure class=\"wp-block-gallery has-nested-images columns-default is-cropped wp-block-gallery-2 is-layout-flex wp-block-gallery-is-layout-flex\">\n<figure class=\"wp-block-image size-large\"><img loading=\"lazy\" decoding=\"async\" width=\"1024\" height=\"768\" data-id=\"2801\" src=\"https:\/\/jettescamino.dk\/wp-content\/uploads\/2022\/05\/IMG_6548-1024x768.jpg\" alt=\"\" class=\"wp-image-2801\"\/><\/figure>\n\n\n\n<figure class=\"wp-block-image size-large\"><img loading=\"lazy\" decoding=\"async\" width=\"1024\" height=\"768\" data-id=\"2802\" src=\"https:\/\/jettescamino.dk\/wp-content\/uploads\/2022\/05\/IMG_6549-1024x768.jpg\" alt=\"\" class=\"wp-image-2802\"\/><\/figure>\n<figcaption class=\"blocks-gallery-caption wp-element-caption\"><em>Gik forbi Monasterio del Salvadore<\/em><\/figcaption><\/figure>\n\n\n\n<p>Og det regner rigtig st\u00e6rkt. Heldigvis er der kun 19 km. til Salas. Det var egentlig min plan at g\u00e5 l\u00e6ngere i dag, men jeg er v\u00e5d fra inderst til yderst. Har h\u00f8rt at herberget i Salas er meget lidt komfortabelt og jeg har rigtig meget brug for at f\u00e5 t\u00f8rret mit t\u00f8j. Der er to hoteller i byen. Hotel Soto som er billigt og Castillo de Valdes-Salas som er meget dyrt. For\u00e6rede mig selv den luksus at overnatte p\u00e5 det sidstn\u00e6vnte. Til 64 euro med morgenmad. En vild men tiltr\u00e6ngt luksus. Her er rigtig flot.<\/p>\n\n\n\n<figure class=\"wp-block-gallery has-nested-images columns-default is-cropped wp-block-gallery-3 is-layout-flex wp-block-gallery-is-layout-flex\">\n<figure class=\"wp-block-image size-large\"><img decoding=\"async\" data-id=\"2803\" src=\"https:\/\/jettescamino.dk\/wp-content\/uploads\/2022\/05\/IMG_6573.jpg\" alt=\"\" class=\"wp-image-2803\"\/><\/figure>\n\n\n\n<figure class=\"wp-block-image size-large\"><img decoding=\"async\" data-id=\"2805\" src=\"https:\/\/jettescamino.dk\/wp-content\/uploads\/2022\/05\/IMG_6581.jpg\" alt=\"\" class=\"wp-image-2805\"\/><\/figure>\n<\/figure>\n\n\n\n<p>L\u00e6kkert hotel indrettet i en rigtig gammel og historisk bygning og jeg er lidt flov over at vade ind til receptionen, s\u00e5 beskidt og v\u00e5d.<\/p>\n\n\n\n<figure class=\"wp-block-image size-large\"><img loading=\"lazy\" decoding=\"async\" width=\"1024\" height=\"768\" src=\"https:\/\/jettescamino.dk\/wp-content\/uploads\/2022\/05\/IMG_6582-1024x768.jpg\" alt=\"\" class=\"wp-image-2804\"\/><figcaption class=\"wp-element-caption\"><em>Castillo de Valdes-Salas<\/em><\/figcaption><\/figure>\n\n\n\n<p>Men receptionisten er meget venlig. Her er b\u00e5de museum og bibliotek. Og en masse smukt indrettede stuer. Efter et dejligt varmt bad i et hvidt og perfekt badev\u00e6relse, vasker jeg mit t\u00f8j og h\u00e6nger det til t\u00f8rre p\u00e5 et stativ til at t\u00f8rre h\u00e5ndkl\u00e6der. Det er meget effektivt.<\/p>\n\n\n\n<p>Efterf\u00f8lgende g\u00e5r jeg ud for at se lidt p\u00e5 byen og handle ind til spisning. M\u00f8der tre Spaniere. De to spanske br\u00f8dre og Jesus. De sp\u00f8rger om jeg vil med ud at spise.<\/p>\n\n\n\n<figure class=\"wp-block-image size-large\"><img loading=\"lazy\" decoding=\"async\" width=\"1024\" height=\"768\" src=\"https:\/\/jettescamino.dk\/wp-content\/uploads\/2022\/05\/IMG_6572-1024x768.jpg\" alt=\"\" class=\"wp-image-2806\"\/><\/figure>\n\n\n\n<p>Vi g\u00e5r til et rigtig hyggeligt sted og f\u00e5r en dejlig middag. Juan og Pepe kommer ogs\u00e5 til. Spanierne er forst\u00e5eligt nok altid i stand til at finde de rigtig gode lokale spisesteder.<\/p>\n\n\n\n<p>Det er lidt sv\u00e6rt at deltage i samtalen ved bordet, men Jesus kan en lille smule engelsk og han fors\u00f8ger at overs\u00e6tte. De bor alle 5 p\u00e5 Soto, som ligger lige over for mit hotel. Underlig at jeg ikke fik \u00f8je p\u00e5 det. Men jeg er nu meget godt tilfreds med mit valg.<br>Under middagen finder jeg ud af at det ikke er 2 br\u00f8dre jeg er sammen med, men 3. Manuel, Juan og Jesus.<\/p>\n\n\n\n<p>Efter middagen g\u00e5r vi p\u00e5 bar og f\u00e5r kaffe. <br>De tre br\u00f8dre f\u00e5r en kop kaffe + et glas fyldt med isterninger. De h\u00e6lder sukker i kaffen og h\u00e6lder efterf\u00f8lgende kaffen ud over isterningerne. S\u00e5dan g\u00f8r man \u00e5benbart her.<\/p>\n\n\n\n<p>Klokken er 16 og de sp\u00f8rger om jeg vil med ud at spise til aften senere.\u00a0 Jeg er stopm\u00e6t og kan slet ikke forestille mig at have behov for et m\u00e5ltid mere i dag. Jeg takker nej og vil tilbage og nyde mit dejlige hotelv\u00e6relse.<br>Jeg er tr\u00e6t og g\u00e5r tidligt til ro. Heldigvis loves der bedre vejr i morgen.<\/p>\n\n\n","protected":false},"excerpt":{"rendered":"<p>De f\u00f8rste gik allerede kl. 6. Ret irriterende. Lige n\u00e5r man selv sover allerbedst. Og det er slet ikke n\u00f8dvendigt. Jeg stod selv op kl. 7 og var hurtigt ude&hellip; <\/p>\n","protected":false},"author":1,"featured_media":0,"parent":83,"menu_order":24,"comment_status":"closed","ping_status":"closed","template":"","meta":{"footnotes":""},"class_list":["post-1170","page","type-page","status-publish","hentry"],"_links":{"self":[{"href":"https:\/\/jettescamino.dk\/index.php?rest_route=\/wp\/v2\/pages\/1170","targetHints":{"allow":["GET"]}}],"collection":[{"href":"https:\/\/jettescamino.dk\/index.php?rest_route=\/wp\/v2\/pages"}],"about":[{"href":"https:\/\/jettescamino.dk\/index.php?rest_route=\/wp\/v2\/types\/page"}],"author":[{"embeddable":true,"href":"https:\/\/jettescamino.dk\/index.php?rest_route=\/wp\/v2\/users\/1"}],"replies":[{"embeddable":true,"href":"https:\/\/jettescamino.dk\/index.php?rest_route=%2Fwp%2Fv2%2Fcomments&post=1170"}],"version-history":[{"count":8,"href":"https:\/\/jettescamino.dk\/index.php?rest_route=\/wp\/v2\/pages\/1170\/revisions"}],"predecessor-version":[{"id":7201,"href":"https:\/\/jettescamino.dk\/index.php?rest_route=\/wp\/v2\/pages\/1170\/revisions\/7201"}],"up":[{"embeddable":true,"href":"https:\/\/jettescamino.dk\/index.php?rest_route=\/wp\/v2\/pages\/83"}],"wp:attachment":[{"href":"https:\/\/jettescamino.dk\/index.php?rest_route=%2Fwp%2Fv2%2Fmedia&parent=1170"}],"curies":[{"name":"wp","href":"https:\/\/api.w.org\/{rel}","templated":true}]}}