{"id":1186,"date":"2022-04-27T14:25:51","date_gmt":"2022-04-27T14:25:51","guid":{"rendered":"https:\/\/jettescamino.dk\/?page_id=1186"},"modified":"2024-02-25T12:37:09","modified_gmt":"2024-02-25T12:37:09","slug":"23-juni-cadavo-baleria-lugo-31-km","status":"publish","type":"page","link":"https:\/\/jettescamino.dk\/?page_id=1186","title":{"rendered":"23. juni Cadavo Baleria \u2013 Lugo\u00a0 31 km"},"content":{"rendered":"\n<p>N\u00e6ste morgen er der utrolig meget snak. Vi har aftalt at g\u00e5 klokken 6. Men der er diskussioner. Og snak og fnidder. Jeg ved ikke hvad det g\u00e5r ud p\u00e5, men jeg er tr\u00e6t af at h\u00f8re p\u00e5 det. M\u00e5ske er det noget med at de 14 Andalusiere er sluppet v\u00e6k, uden at vi har h\u00f8rt det. Og hvad s\u00e5. <br>S\u00e5 kl 6.15 tar jeg rygs\u00e6kken p\u00e5 og g\u00e5r. 4 Spaniere kan jeg klare, men ikke 10.<\/p>\n\n\n\n<figure class=\"wp-block-image size-large\"><img loading=\"lazy\" decoding=\"async\" width=\"1024\" height=\"768\" src=\"https:\/\/jettescamino.dk\/wp-content\/uploads\/2022\/05\/IMG_6975-1024x768.jpg\" alt=\"\" class=\"wp-image-2946\"\/><\/figure>\n\n\n\n<p>G\u00e5r i 5 kvarter gennem en meget m\u00f8rk skov, hvor det pusler i bevoksningen. Jeg ved ikke hvorfor men jeg f\u00f8ler mig meget tryg og har ikke problemer med at finde vej, da stien g\u00e5r ligeud og jeg kan h\u00f8re mine skridt i det grove grus.<\/p>\n\n\n\n<p>Dagens rute er 31 km og der er 131 til Santiago og jeg har masser af tid. Jeg skal f\u00f8rst flyve hjem fra Madrid om 9 dage. Og de skal nydes i fred og ro.<\/p>\n\n\n\n<p>Kommer til en lille smuk by Villabade. Der er helt stille. Ingen af de lokale er oppe endnu.<\/p>\n\n\n\n<figure class=\"wp-block-gallery has-nested-images columns-default is-cropped wp-block-gallery-1 is-layout-flex wp-block-gallery-is-layout-flex\">\n<figure class=\"wp-block-image size-large\"><img loading=\"lazy\" decoding=\"async\" width=\"1024\" height=\"768\" data-id=\"2948\" src=\"https:\/\/jettescamino.dk\/wp-content\/uploads\/2022\/05\/IMG_6978-1024x768.jpg\" alt=\"\" class=\"wp-image-2948\"\/><\/figure>\n\n\n\n<figure class=\"wp-block-image size-large\"><img decoding=\"async\" data-id=\"2949\" src=\"https:\/\/jettescamino.dk\/wp-content\/uploads\/2022\/05\/IMG_6984.jpg\" alt=\"\" class=\"wp-image-2949\"\/><\/figure>\n<figcaption class=\"blocks-gallery-caption wp-element-caption\"><em>Smukke bygninger i Villabade<\/em><\/figcaption><\/figure>\n\n\n\n<p>I Castroverde leder jeg efter en bar hvor jeg kan f\u00e5 en fortjent morgenmad. M\u00f8der Andalusierne, som ser ud som om de leder efter et eller andet. Ser ud som om de ikke kan finde ud af byen. N\u00e5, men jeg finder en bar og hvem sidder her. Det g\u00f8r Jesus og Carmen. De har taget en taxa, fordi Jesus m\u00e5tte til l\u00e6gen med smerter i benene. Nu sidder de og plastrer Carmens f\u00f8dder ind.<\/p>\n\n\n\n<p>Jeg f\u00e5r kaffe og tostada. Og bestiller en bocadillo til vejen. Jeg har det fint og der er kun 22 km tilbage til Lugo. S\u00e5 kommer Jesus hen til mig, han har en b\u00f8n. \u201dJeg kan ikke g\u00e5 i dag. S\u00e5 vil du ikke tage Carmen med? Hun er lige startet p\u00e5 Caminoen, og jeg vil ikke have hun g\u00e5r alene. Men hun er i trygge h\u00e6nder hos dig\u201d. \u00d8v, skal jeg nu v\u00e6re barnepige t\u00e6nker jeg, men min gode opdragelse tager heldigvis over.<\/p>\n\n\n\n<p>Og jeg siger \u201dselvf\u00f8lgelig kan Carmen f\u00f8lges med mig\u201d. Det skylder jeg ogs\u00e5 Jesus. Han og hans br\u00f8dre har hele tiden v\u00e6ret utrolig flinke og opm\u00e6rksomme over for mig. <\/p>\n\n\n\n<figure class=\"wp-block-image size-large\"><img loading=\"lazy\" decoding=\"async\" width=\"1024\" height=\"768\" src=\"https:\/\/jettescamino.dk\/wp-content\/uploads\/2022\/05\/IMG_6991-1024x768.jpg\" alt=\"\" class=\"wp-image-2953\"\/><\/figure>\n\n\n\n<p>Jeg sp\u00f8rger Carmen om hun taler Engelsk. Nada. Intet. N\u00e5 det skal nok g\u00e5 godt.<\/p>\n\n\n\n<p>Vi skyder ikke helt den normale hastighed. Og hun tager om muligt endnu flere billeder end mig.<\/p>\n\n\n\n<figure class=\"wp-block-gallery has-nested-images columns-default is-cropped wp-block-gallery-2 is-layout-flex wp-block-gallery-is-layout-flex\">\n<figure class=\"wp-block-image size-large\"><img loading=\"lazy\" decoding=\"async\" width=\"1024\" height=\"768\" data-id=\"2961\" src=\"https:\/\/jettescamino.dk\/wp-content\/uploads\/2022\/05\/IMG_7000-1024x768.jpg\" alt=\"\" class=\"wp-image-2961\"\/><\/figure>\n\n\n\n<figure class=\"wp-block-image size-large\"><img loading=\"lazy\" decoding=\"async\" width=\"1024\" height=\"768\" data-id=\"2963\" src=\"https:\/\/jettescamino.dk\/wp-content\/uploads\/2022\/05\/IMG_7006-1024x768.jpg\" alt=\"\" class=\"wp-image-2963\"\/><\/figure>\n\n\n\n<figure class=\"wp-block-image size-large\"><img loading=\"lazy\" decoding=\"async\" width=\"1024\" height=\"768\" data-id=\"2960\" src=\"https:\/\/jettescamino.dk\/wp-content\/uploads\/2022\/05\/IMG_7007-1024x768.jpg\" alt=\"\" class=\"wp-image-2960\"\/><\/figure>\n\n\n\n<figure class=\"wp-block-image size-large\"><img loading=\"lazy\" decoding=\"async\" width=\"768\" height=\"1024\" data-id=\"2956\" src=\"https:\/\/jettescamino.dk\/wp-content\/uploads\/2022\/05\/IMG_7019-768x1024.jpg\" alt=\"\" class=\"wp-image-2956\"\/><\/figure>\n\n\n\n<figure class=\"wp-block-image size-large\"><img loading=\"lazy\" decoding=\"async\" width=\"768\" height=\"1024\" data-id=\"2957\" src=\"https:\/\/jettescamino.dk\/wp-content\/uploads\/2022\/05\/IMG_7031-768x1024.jpg\" alt=\"\" class=\"wp-image-2957\"\/><\/figure>\n\n\n\n<figure class=\"wp-block-image size-large\"><img loading=\"lazy\" decoding=\"async\" width=\"1024\" height=\"768\" data-id=\"2959\" src=\"https:\/\/jettescamino.dk\/wp-content\/uploads\/2022\/05\/IMG_7035-1024x768.jpg\" alt=\"\" class=\"wp-image-2959\"\/><\/figure>\n\n\n\n<figure class=\"wp-block-image size-large\"><img loading=\"lazy\" decoding=\"async\" width=\"1024\" height=\"768\" data-id=\"2962\" src=\"https:\/\/jettescamino.dk\/wp-content\/uploads\/2022\/05\/IMG_7039-1024x768.jpg\" alt=\"\" class=\"wp-image-2962\"\/><\/figure>\n\n\n\n<figure class=\"wp-block-image size-large\"><img loading=\"lazy\" decoding=\"async\" width=\"1024\" height=\"768\" data-id=\"2958\" src=\"https:\/\/jettescamino.dk\/wp-content\/uploads\/2022\/05\/IMG_7059-1024x768.jpg\" alt=\"\" class=\"wp-image-2958\"\/><\/figure>\n<figcaption class=\"blocks-gallery-caption wp-element-caption\"><em>Og derfor har jeg ogs\u00e5 rigtig god tid til at tage billeder<\/em><\/figcaption><\/figure>\n\n\n\n<p>Men det g\u00e5r faktisk hen og blev en rigtig hyggelig dag. Vi har m\u00e6rkv\u00e6rdigvis intet problem med at tale sammen. Jeg m\u00e5 godt nok en gang imellem konsultere min parl\u00f8r for at finde det rigtige ord, men snakken g\u00e5r livligt. Og vi kan sagtens forst\u00e5 hinanden. Det er nok fordi vi kun er to.<\/p>\n\n\n\n<p>Carmen er kunstner og hun tager en masse naturbilleder til inspiration. Vi g\u00e5r gennem en masse skov og vi kan lige pludselig se ansigter og s\u00e6re skikkelser i al bevoksningen.&nbsp; Det er faktisk rigtig hyggeligt.<\/p>\n\n\n\n<figure class=\"wp-block-gallery has-nested-images columns-default is-cropped wp-block-gallery-3 is-layout-flex wp-block-gallery-is-layout-flex\">\n<figure class=\"wp-block-image size-large\"><img loading=\"lazy\" decoding=\"async\" width=\"768\" height=\"1024\" data-id=\"2966\" src=\"https:\/\/jettescamino.dk\/wp-content\/uploads\/2022\/05\/IMG_7024-768x1024.jpg\" alt=\"\" class=\"wp-image-2966\"\/><\/figure>\n\n\n\n<figure class=\"wp-block-image size-large\"><img loading=\"lazy\" decoding=\"async\" width=\"768\" height=\"1024\" data-id=\"2964\" src=\"https:\/\/jettescamino.dk\/wp-content\/uploads\/2022\/05\/IMG_7026-768x1024.jpg\" alt=\"\" class=\"wp-image-2964\"\/><\/figure>\n\n\n\n<figure class=\"wp-block-image size-large\"><img loading=\"lazy\" decoding=\"async\" width=\"768\" height=\"1024\" data-id=\"2965\" src=\"https:\/\/jettescamino.dk\/wp-content\/uploads\/2022\/05\/IMG_7029-768x1024.jpg\" alt=\"\" class=\"wp-image-2965\"\/><\/figure>\n\n\n\n<figure class=\"wp-block-image size-large\"><img loading=\"lazy\" decoding=\"async\" width=\"1024\" height=\"768\" data-id=\"2967\" src=\"https:\/\/jettescamino.dk\/wp-content\/uploads\/2022\/05\/IMG_7054-1024x768.jpg\" alt=\"\" class=\"wp-image-2967\"\/><\/figure>\n<figcaption class=\"blocks-gallery-caption wp-element-caption\"><em>Hvem har st\u00e5et model til dem her?<\/em><\/figcaption><\/figure>\n\n\n\n<p>Den eneste ubehagelige oplevelse vi havde, var da to store hunde kom halsende efter hinanden. De sloges lige foran os, som jeg aldrig har set to hunde sl\u00e5s f\u00f8r. Jeg er overbevist om at de ikke begge havde overlevet, hvis ikke der var kommet en mand dr\u00f8nende p\u00e5 cykel og en kvinde i bil fra den anden side. Det lykkedes dem at f\u00e5 skilt hundene ad, men det s\u00e5 meget voldsomt ud. Jeg var vist mere skr\u00e6mt end Carmen.<\/p>\n\n\n\n<p>Det tager os n\u00e6sten 7 timer at g\u00e5 de 22km til Lugo og vi har kun holdt en rigtig pause hvor vi sidder i en gr\u00e6srabat og deler min bocadillo. Jeg f\u00f8ler ogs\u00e5 at jeg har st\u00e5et mere stille og ventet, end jeg egentlig har g\u00e5et de sidste kilometrer.<\/p>\n\n\n\n<figure class=\"wp-block-image size-large\"><img loading=\"lazy\" decoding=\"async\" width=\"1024\" height=\"768\" src=\"https:\/\/jettescamino.dk\/wp-content\/uploads\/2022\/05\/camino-primitivo-2008-540-1024x768.jpg\" alt=\"\" class=\"wp-image-2968\"\/><figcaption class=\"wp-element-caption\"><em>Foto Juan Hernandez<\/em><\/figcaption><\/figure>\n\n\n\n<p>Endelig indkvarteret i Lugo, dukker de alle op. Augustin, Jesus og Manuel dog med taxa.<\/p>\n\n\n\n<p>Ved indkvarteringen h\u00e6nger der et skilt hvor der st\u00e5r at hvis man g\u00e5r fra Lugo skal man ikke kun have et stempel fra den by hvor man overnatter, men ogs\u00e5 et stempel ude fra ruten. Det g\u00f8r jo det hele lidt besv\u00e6rligt. Og jeg synes heller ikke rigtig at det kan passe. At jeg der har g\u00e5et helt fra Irun skal dobbelt tjekkes p\u00e5 den m\u00e5de. Hospitalieroen siger at s\u00e5dan er det alts\u00e5, men det er ogs\u00e5 helt nyt.<br>Mine spanske venner protesterer ikke. S\u00e5 jeg m\u00e5 jo tro p\u00e5 at det er rigtigt.<\/p>\n\n\n\n<figure class=\"wp-block-image size-large\"><img loading=\"lazy\" decoding=\"async\" width=\"768\" height=\"1024\" src=\"https:\/\/jettescamino.dk\/wp-content\/uploads\/2022\/05\/IMG_7086-768x1024.jpg\" alt=\"\" class=\"wp-image-2969\"\/><figcaption class=\"wp-element-caption\"><em>&nbsp; En af byportene i Lugo<\/em><\/figcaption><\/figure>\n\n\n\n<p><\/p>\n\n\n\n<figure class=\"wp-block-image size-large\"><img loading=\"lazy\" decoding=\"async\" width=\"1024\" height=\"768\" src=\"https:\/\/jettescamino.dk\/wp-content\/uploads\/2022\/05\/IMG_7084-1024x768.jpg\" alt=\"\" class=\"wp-image-2970\"\/><figcaption class=\"wp-element-caption\"><em>Og den k\u00e6mpe bymur som g\u00e5r hele vejen rundt om centrum<\/em><\/figcaption><\/figure>\n\n\n\n<p><\/p>\n\n\n\n<p>Vi er nogle stykker der g\u00e5r ud og spiser. P\u00e5 vej tilbage bes\u00f8ger jeg katedralen og ser mig lidt om i byen. Lugo er en meget stor og moderne by. Centrum er omringet af en k\u00e6mpestor og gammel bymur. Der er nok at se p\u00e5.<\/p>\n\n\n\n<p>Da jeg kommer tilbage til alberget er der krise.<br>Alberget er stort. Der er 42 pladser, men det er hurtigt fyldt, da Andaluserne er kommet tidligere. Og p\u00e5 det n\u00e6ste alberge ca 30 km v\u00e6k, er der kun ganske f\u00e5 sovepladser. <br>Og i min engelske guide st\u00e5r der, at det ofte er booket p\u00e5 forh\u00e5nd. S\u00e5 jeg skal saftsusemig tidligt op, hvis jeg skal n\u00e5 at komme f\u00f8r andaluserne.<br>Det er heller ikke fair at f\u00f8lges s\u00e5 mange sammen, det \u00f8del\u00e6gger alt for en anden en. \u00a0Men p\u00e5 den anden side s\u00e5 f\u00f8lges vi jo ogs\u00e5. N\u00e6sten da. Vi aftaler i hvert fald altid at bo de samme steder.<\/p>\n\n\n\n<p>Katrin sp\u00f8rger om jeg vil v\u00e6re med til at skifte rute. Det har hospitalieroen anbefalet og han har tilbudt at kopiere kort til dem. Jeg siger nej. Jeg vil f\u00f8lge den oprindelige plan.&nbsp; Juan sp\u00f8rger om jeg vil v\u00e6re med til at g\u00e5 de 20 km til San Roman? Jeg fort\u00e6ller ham at der ikke er noget herberg der, men kun et 10 km v\u00e6k fra ruten. Han ser undrende p\u00e5 mig men siger ikke noget.<\/p>\n\n\n\n<p>Jeg g\u00e5r ud i byen selv om det er ved at v\u00e6re sent. Bliver ruten lang og \u00f8de er jeg n\u00f8dsaget til at skaffe forplejning. Og selv om der er utallige forretninger i Lugo, s\u00e5 er det ret sv\u00e6rt at finde et sted hvor man kan k\u00f8be br\u00f8d og frugt. Men det lykkes mig til sidst. Og da jeg kommer tilbage til alberget er klokken n\u00e6sten 9.30. Og jeg kan se at de andre stadig sidder og snakker om den kommende dags rute.<br>Jeg er lige pludselig meget i tvivl. Har jeg valgt forkert, jeg ved vist ikke helt hvad det er jeg g\u00e5r ind til.<\/p>\n\n\n\n<p>Da jeg kommer op p\u00e5 sovesalen og skal til at g\u00e5 i seng sp\u00f8rger Jesus om jeg virkelig har besluttet mig for at forts\u00e6tte p\u00e5 Primitivo ruten. Alle de andre har besluttet at skifte til Nordruten. Jeg fort\u00e6ller ham at jeg har fortrudt og jeg ved ikke hvad jeg skal. Han siger, at jeg ogs\u00e5 bare kan skifte rute. Ja, men jeg har ikke noget kort. Jeg har et kort til dig. Siger han. I samme \u00f8jeblik g\u00e5r lyset ud. S\u00e5dan er det p\u00e5 et herberg. Hvis reglerne siger at pilgrimmene skal ligge i deres seng kl. 22. Ja s\u00e5 g\u00e5r lyset ud kl. 22. Jeg m\u00e6rker kun at Jesus stikker mig kortet i h\u00e5nde. Og jeg g\u00e5r over og l\u00e6gger mig i min sovepose. Jeg f\u00e5r ikke sovet meget den nat.<\/p>\n\n\n\n<figure class=\"wp-block-image size-large\"><img loading=\"lazy\" decoding=\"async\" width=\"1024\" height=\"768\" src=\"https:\/\/jettescamino.dk\/wp-content\/uploads\/2022\/05\/IMG_7091-1024x768.jpg\" alt=\"\" class=\"wp-image-3060\"\/><figcaption class=\"wp-element-caption\"><em>Kong Afonso O Castro tr\u00e5dte ind her og indviede den f\u00f8rste Camino de Santiago i det niende \u00e5rhundrede<\/em>. <br>Oversat fra Galicisk af Google translate<\/figcaption><\/figure>\n\n\n","protected":false},"excerpt":{"rendered":"<p>N\u00e6ste morgen er der utrolig meget snak. Vi har aftalt at g\u00e5 klokken 6. Men der er diskussioner. Og snak og fnidder. Jeg ved ikke hvad det g\u00e5r ud p\u00e5,&hellip; <\/p>\n","protected":false},"author":1,"featured_media":0,"parent":83,"menu_order":31,"comment_status":"closed","ping_status":"closed","template":"","meta":{"footnotes":""},"class_list":["post-1186","page","type-page","status-publish","hentry"],"_links":{"self":[{"href":"https:\/\/jettescamino.dk\/index.php?rest_route=\/wp\/v2\/pages\/1186","targetHints":{"allow":["GET"]}}],"collection":[{"href":"https:\/\/jettescamino.dk\/index.php?rest_route=\/wp\/v2\/pages"}],"about":[{"href":"https:\/\/jettescamino.dk\/index.php?rest_route=\/wp\/v2\/types\/page"}],"author":[{"embeddable":true,"href":"https:\/\/jettescamino.dk\/index.php?rest_route=\/wp\/v2\/users\/1"}],"replies":[{"embeddable":true,"href":"https:\/\/jettescamino.dk\/index.php?rest_route=%2Fwp%2Fv2%2Fcomments&post=1186"}],"version-history":[{"count":7,"href":"https:\/\/jettescamino.dk\/index.php?rest_route=\/wp\/v2\/pages\/1186\/revisions"}],"predecessor-version":[{"id":7225,"href":"https:\/\/jettescamino.dk\/index.php?rest_route=\/wp\/v2\/pages\/1186\/revisions\/7225"}],"up":[{"embeddable":true,"href":"https:\/\/jettescamino.dk\/index.php?rest_route=\/wp\/v2\/pages\/83"}],"wp:attachment":[{"href":"https:\/\/jettescamino.dk\/index.php?rest_route=%2Fwp%2Fv2%2Fmedia&parent=1186"}],"curies":[{"name":"wp","href":"https:\/\/api.w.org\/{rel}","templated":true}]}}