{"id":413,"date":"2022-04-12T10:40:28","date_gmt":"2022-04-12T10:40:28","guid":{"rendered":"https:\/\/jettescamino.dk\/?page_id=413"},"modified":"2024-03-22T19:55:27","modified_gmt":"2024-03-22T19:55:27","slug":"18-06-raba-de-la-calzada-castrojeriz","status":"publish","type":"page","link":"https:\/\/jettescamino.dk\/?page_id=413","title":{"rendered":"18\/06 Raba de la Calzada &#8211; Castrojeriz\u00a028,5 km"},"content":{"rendered":"\n<h2 class=\"wp-block-heading\"><\/h2>\n\n\n\n<p>Det er s\u00f8ndag og alt er klamt og fugtigt p\u00e5 v\u00e6relset, fordi de 2 ungarere har fors\u00f8gt at t\u00f8rre alt deres v\u00e5de t\u00f8j p\u00e5 v\u00e6relset.<\/p>\n\n\n\n<p>Jeg er overbevist om at jeg har feber og er ikke spor udhvilet. Og har ikke overskud til at snakke, kun lige til at s\u00e6tte den ene fod foran den anden. Har opdaget at jeg er begyndt at g\u00e5 og t\u00e6lle p\u00e5 tysk. S\u00e6rt.<\/p>\n\n\n\n<figure class=\"wp-block-image size-large\"><img loading=\"lazy\" decoding=\"async\" width=\"1024\" height=\"768\" src=\"https:\/\/jettescamino.dk\/wp-content\/uploads\/2022\/04\/20060618-1024x768.jpg\" alt=\"\" class=\"wp-image-929\"\/><figcaption class=\"wp-element-caption\"><em> S\u00f8ndag morgen<\/em><\/figcaption><\/figure>\n\n\n\n<figure class=\"wp-block-image size-large\"><img loading=\"lazy\" decoding=\"async\" width=\"1024\" height=\"768\" src=\"https:\/\/jettescamino.dk\/wp-content\/uploads\/2022\/04\/20060618-IMG_0695-1024x768.jpg\" alt=\"\" class=\"wp-image-928\"\/><figcaption class=\"wp-element-caption\"><em>Nem vej i dag. Og t\u00e5gen er ved at lette. Ogs\u00e5 i mit hoved<\/em><\/figcaption><\/figure>\n\n\n\n<figure class=\"wp-block-image size-large\"><img loading=\"lazy\" decoding=\"async\" width=\"1024\" height=\"768\" src=\"https:\/\/jettescamino.dk\/wp-content\/uploads\/2022\/04\/20060618-IMG_0707-1024x768.jpg\" alt=\"\" class=\"wp-image-926\"\/><figcaption class=\"wp-element-caption\"><em>&nbsp; Et lille ydmygt alberge&nbsp; som jeg v\u00e6lger fra, denne gang<\/em><\/figcaption><\/figure>\n\n\n\n<figure class=\"wp-block-image size-large\"><img loading=\"lazy\" decoding=\"async\" width=\"1024\" height=\"768\" src=\"https:\/\/jettescamino.dk\/wp-content\/uploads\/2022\/04\/20060618-IMG_0714-1024x768.jpg\" alt=\"\" class=\"wp-image-925\"\/><figcaption class=\"wp-element-caption\"><em>&nbsp; 2 japanere og en \u00f8striger i Hontan\u00e1s<\/em><\/figcaption><\/figure>\n\n\n\n<figure class=\"wp-block-gallery has-nested-images columns-default is-cropped wp-block-gallery-1 is-layout-flex wp-block-gallery-is-layout-flex\">\n<figure class=\"wp-block-image size-large\"><img loading=\"lazy\" decoding=\"async\" width=\"1024\" height=\"768\" data-id=\"923\" src=\"https:\/\/jettescamino.dk\/wp-content\/uploads\/2022\/04\/20060618-IMG_0722-e1650749987914.jpg\" alt=\"\" class=\"wp-image-923\"\/><\/figure>\n\n\n\n<figure class=\"wp-block-image size-large\"><img loading=\"lazy\" decoding=\"async\" width=\"1024\" height=\"768\" data-id=\"924\" src=\"https:\/\/jettescamino.dk\/wp-content\/uploads\/2022\/04\/20060618-IMG_0716-e1650749974652.jpg\" alt=\"\" class=\"wp-image-924\"\/><\/figure>\n<figcaption class=\"blocks-gallery-caption wp-element-caption\"><em>Pause i Hontan\u00e1s<\/em><\/figcaption><\/figure>\n\n\n\n<figure class=\"wp-block-image size-large\"><img loading=\"lazy\" decoding=\"async\" width=\"1024\" height=\"768\" src=\"https:\/\/jettescamino.dk\/wp-content\/uploads\/2022\/05\/IMG_0719-1024x768.jpg\" alt=\"\" class=\"wp-image-2217\"\/><figcaption class=\"wp-element-caption\"><em>Og jeg husker at f\u00e5 tanket vand<\/em><\/figcaption><\/figure>\n\n\n\n<p>Efter en pause kl. 10,00 med sodavand, kaffe, sandwich og kage, har jeg det meget godt igen og jeg f\u00e5r lokket\/presset Agnes til at g\u00e5 med helt til Castrojeriz.<\/p>\n\n\n\n<figure class=\"wp-block-image size-large\"><img loading=\"lazy\" decoding=\"async\" width=\"1024\" height=\"768\" src=\"https:\/\/jettescamino.dk\/wp-content\/uploads\/2022\/04\/20060618-IMG_0733-1024x768.jpg\" alt=\"\" class=\"wp-image-922\"\/><figcaption class=\"wp-element-caption\"><em>Et alberge lige f\u00f8r Castrojeriz<\/em><\/figcaption><\/figure>\n\n\n\n<figure class=\"wp-block-image size-large\"><img loading=\"lazy\" decoding=\"async\" width=\"1024\" height=\"768\" src=\"https:\/\/jettescamino.dk\/wp-content\/uploads\/2022\/04\/20060618-IMG_0739-1024x768.jpg\" alt=\"\" class=\"wp-image-921\"\/><figcaption class=\"wp-element-caption\"><em>Castrojeriz<\/em><\/figcaption><\/figure>\n\n\n\n<p>Det ser ud til at v\u00e6re en sp\u00e6ndende lille by, som breder sig rundt omkring et bjerg. \u00d8verst kan vi se \u00e9n ruin, som vi tidligt har kunnet se p\u00e5 afstand. Ruinen er \u00e9n af de mange borge, der af ridderordener blev bygget til beskyttelse af caminoen. Vi kan ogs\u00e5 se mindst 5 kirker. Det er godt nok mange i s\u00e5dan en lille by.<\/p>\n\n\n\n<p>Vi tog det f\u00f8rste herberg der b\u00f8d sig og det var p\u00e5 campingpladsen. I en stor sportshal. Der er 40 sengepladser, men vi er kun en mor og datter fra Brasilien, et Japansk par vi traf i g\u00e5r og som har g\u00e5et foran os, det meste af vejen i dag, en Schweizer, Agnes og jeg. Dejligt med god plads, lys og luft. Udenfor et det til geng\u00e6ld meget hedt i dag.<\/p>\n\n\n\n<figure class=\"wp-block-image size-large\"><img loading=\"lazy\" decoding=\"async\" width=\"1024\" height=\"768\" src=\"https:\/\/jettescamino.dk\/wp-content\/uploads\/2022\/04\/20060618-IMG_0743-1024x768.jpg\" alt=\"\" class=\"wp-image-920\"\/><figcaption class=\"wp-element-caption\"><em>Den store hal p\u00e5 campingpladsen. Vi havde ikke set det hyggelige alberge i centrum<\/em><\/figcaption><\/figure>\n\n\n\n<p>Mor har sendt en sms og jeg g\u00e5r ud og ringer. Da jeg kommer ind til Agnes efter et forfriskende bad og en telefonsamtale, med v\u00e5de \u00f8jne, ser hun p\u00e5 mig og siger forskr\u00e6kket \u201dHvad er der galt\u201d.<\/p>\n\n\n\n<p>\u201dMin mor skriver, at hun er stolt af mig\u201d.<br>\u201dSkulle du helt til Spanien for at finde ud af det?\u201d.<\/p>\n\n\n\n<figure class=\"wp-block-image size-large\"><img loading=\"lazy\" decoding=\"async\" width=\"1024\" height=\"768\" src=\"https:\/\/jettescamino.dk\/wp-content\/uploads\/2022\/05\/IMG_0762-1024x768.jpg\" alt=\"\" class=\"wp-image-2218\"\/><figcaption class=\"wp-element-caption\">Vi g\u00e5r ud og spiser til aften med den Schweiziske bagerjomfru. Vi fik en pragtfuld fisk.<\/figcaption><\/figure>\n\n\n\n<p>M\u00f8der ogs\u00e5 2 hollandske piger, Karen og Saskia, som vi har hilst p\u00e5 flere gange. De har g\u00e5et hele vejen fra Holland. Respekt.<\/p>\n\n\n\n<p><a href=\"https:\/\/jettescamino.dk\/?page_id=414\">N\u00e6ste<\/a><\/p>\n","protected":false},"excerpt":{"rendered":"<p>Det er s\u00f8ndag og alt er klamt og fugtigt p\u00e5 v\u00e6relset, fordi de 2 ungarere har fors\u00f8gt at t\u00f8rre alt deres v\u00e5de t\u00f8j p\u00e5 v\u00e6relset. Jeg er overbevist om at&hellip; <\/p>\n","protected":false},"author":1,"featured_media":0,"parent":85,"menu_order":17,"comment_status":"closed","ping_status":"closed","template":"","meta":{"footnotes":""},"class_list":["post-413","page","type-page","status-publish","hentry"],"_links":{"self":[{"href":"https:\/\/jettescamino.dk\/index.php?rest_route=\/wp\/v2\/pages\/413","targetHints":{"allow":["GET"]}}],"collection":[{"href":"https:\/\/jettescamino.dk\/index.php?rest_route=\/wp\/v2\/pages"}],"about":[{"href":"https:\/\/jettescamino.dk\/index.php?rest_route=\/wp\/v2\/types\/page"}],"author":[{"embeddable":true,"href":"https:\/\/jettescamino.dk\/index.php?rest_route=\/wp\/v2\/users\/1"}],"replies":[{"embeddable":true,"href":"https:\/\/jettescamino.dk\/index.php?rest_route=%2Fwp%2Fv2%2Fcomments&post=413"}],"version-history":[{"count":15,"href":"https:\/\/jettescamino.dk\/index.php?rest_route=\/wp\/v2\/pages\/413\/revisions"}],"predecessor-version":[{"id":7298,"href":"https:\/\/jettescamino.dk\/index.php?rest_route=\/wp\/v2\/pages\/413\/revisions\/7298"}],"up":[{"embeddable":true,"href":"https:\/\/jettescamino.dk\/index.php?rest_route=\/wp\/v2\/pages\/85"}],"wp:attachment":[{"href":"https:\/\/jettescamino.dk\/index.php?rest_route=%2Fwp%2Fv2%2Fmedia&parent=413"}],"curies":[{"name":"wp","href":"https:\/\/api.w.org\/{rel}","templated":true}]}}