{"id":4291,"date":"2022-10-16T11:03:33","date_gmt":"2022-10-16T11:03:33","guid":{"rendered":"https:\/\/jettescamino.dk\/?page_id=4291"},"modified":"2024-10-26T12:08:28","modified_gmt":"2024-10-26T12:08:28","slug":"2022-camino-e","status":"publish","type":"page","link":"https:\/\/jettescamino.dk\/?page_id=4291","title":{"rendered":"2022 Camino Ingl\u00e9s + Finasterra + Muxia"},"content":{"rendered":"\n<p>Er det her mon min sidste Caminovandring?<\/p>\n\n\n\n<p>Havde egentlig ikke troet at jeg var kommet afsted i \u00e5r, men en pludselig indskydelse fik mig til at trodse corona, abekopper, hedeb\u00f8lge og skovbrande. S\u00e5 flybilletten blev bestilt i weekenden og jeg tar\u00b4 afsted onsdag.<\/p>\n\n\n\n<p>Det er planen at jeg skal g\u00e5 Den Engelske rute (en af de f\u00e5 ruter jeg mangler), Finasterra, Muxia og Fyrt\u00e5rnsruten. Jeg er lidt bet\u00e6nkelig ved fyrt\u00e5rnsruten, fordi jeg har l\u00e6st at der ikke er s\u00e5 meget \u00e5bent her pga coronaen, men lad os nu se.<\/p>\n\n\n\n<p class=\"has-medium-font-size\"><\/p>\n\n\n\n<p class=\"has-medium-font-size\"><a href=\"https:\/\/jettescamino.dk\/?page_id=4297\">1.del <\/a> 24. august &#8211; 30. august<\/p>\n\n\n\n<p class=\"has-medium-font-size\"><a href=\"https:\/\/jettescamino.dk\/?page_id=4320\">2.del <\/a>  31. august &#8211; 6. september<\/p>\n\n\n\n<p class=\"has-medium-font-size\"><a href=\"https:\/\/jettescamino.dk\/?page_id=4312\">3.del <\/a> 7. september &#8211; 14. september<\/p>\n","protected":false},"excerpt":{"rendered":"<p>Er det her mon min sidste Caminovandring? Havde egentlig ikke troet at jeg var kommet afsted i \u00e5r, men en pludselig indskydelse fik mig til at trodse corona, abekopper, hedeb\u00f8lge&hellip; <\/p>\n","protected":false},"author":1,"featured_media":0,"parent":80,"menu_order":12,"comment_status":"closed","ping_status":"closed","template":"","meta":{"footnotes":""},"class_list":["post-4291","page","type-page","status-publish","hentry"],"_links":{"self":[{"href":"https:\/\/jettescamino.dk\/index.php?rest_route=\/wp\/v2\/pages\/4291","targetHints":{"allow":["GET"]}}],"collection":[{"href":"https:\/\/jettescamino.dk\/index.php?rest_route=\/wp\/v2\/pages"}],"about":[{"href":"https:\/\/jettescamino.dk\/index.php?rest_route=\/wp\/v2\/types\/page"}],"author":[{"embeddable":true,"href":"https:\/\/jettescamino.dk\/index.php?rest_route=\/wp\/v2\/users\/1"}],"replies":[{"embeddable":true,"href":"https:\/\/jettescamino.dk\/index.php?rest_route=%2Fwp%2Fv2%2Fcomments&post=4291"}],"version-history":[{"count":19,"href":"https:\/\/jettescamino.dk\/index.php?rest_route=\/wp\/v2\/pages\/4291\/revisions"}],"predecessor-version":[{"id":7420,"href":"https:\/\/jettescamino.dk\/index.php?rest_route=\/wp\/v2\/pages\/4291\/revisions\/7420"}],"up":[{"embeddable":true,"href":"https:\/\/jettescamino.dk\/index.php?rest_route=\/wp\/v2\/pages\/80"}],"wp:attachment":[{"href":"https:\/\/jettescamino.dk\/index.php?rest_route=%2Fwp%2Fv2%2Fmedia&parent=4291"}],"curies":[{"name":"wp","href":"https:\/\/api.w.org\/{rel}","templated":true}]}}