{"id":4927,"date":"2023-04-06T10:37:03","date_gmt":"2023-04-06T10:37:03","guid":{"rendered":"https:\/\/jettescamino.dk\/?page_id=4927"},"modified":"2024-12-27T21:03:37","modified_gmt":"2024-12-27T21:03:37","slug":"07-06-cercedilla-segovia-31km","status":"publish","type":"page","link":"https:\/\/jettescamino.dk\/?page_id=4927","title":{"rendered":"07\/06 Cercedilla &#8211; Segovia 31km"},"content":{"rendered":"\n<p>I dag har jeg besteget et bjerg. Det var meget h\u00e5rdt og vejen var lang. Op til 1800 h\u00f8jdemeter med en 10% stigning.  Der var mange kort og vejvisninger undervejs. <\/p>\n\n\n\n<figure class=\"wp-block-image size-full is-resized\"><img loading=\"lazy\" decoding=\"async\" width=\"608\" height=\"234\" src=\"https:\/\/jettescamino.dk\/wp-content\/uploads\/2023\/04\/2012-SDC10245-mod-segovia.png\" alt=\"\" class=\"wp-image-5050\" style=\"width:808px;height:311px\" srcset=\"https:\/\/jettescamino.dk\/wp-content\/uploads\/2023\/04\/2012-SDC10245-mod-segovia.png 608w, https:\/\/jettescamino.dk\/wp-content\/uploads\/2023\/04\/2012-SDC10245-mod-segovia-300x115.png 300w\" sizes=\"auto, (max-width: 608px) 100vw, 608px\" \/><\/figure>\n\n\n\n<figure class=\"wp-block-gallery has-nested-images columns-default is-cropped wp-block-gallery-1 is-layout-flex wp-block-gallery-is-layout-flex\">\n<figure class=\"wp-block-image size-large\"><img loading=\"lazy\" decoding=\"async\" width=\"768\" height=\"1024\" data-id=\"5035\" src=\"https:\/\/jettescamino.dk\/wp-content\/uploads\/2023\/04\/SDC10237-768x1024.jpg\" alt=\"\" class=\"wp-image-5035\"\/><\/figure>\n\n\n\n<figure class=\"wp-block-image size-large\"><img loading=\"lazy\" decoding=\"async\" width=\"1024\" height=\"768\" data-id=\"5036\" src=\"https:\/\/jettescamino.dk\/wp-content\/uploads\/2023\/04\/SDC10242-1024x768.jpg\" alt=\"\" class=\"wp-image-5036\"\/><\/figure>\n<\/figure>\n\n\n\n<p>En anelse forvirrende, s\u00e5 det er godt jeg har min GPS. Den bruger bare en enorm m\u00e6ngde batterier.<\/p>\n\n\n\n<p>Men ruten er h\u00e5rd og det g\u00e5r op, op ,op og op i det uendelige.<\/p>\n\n\n\n<figure class=\"wp-block-gallery has-nested-images columns-default is-cropped wp-block-gallery-2 is-layout-flex wp-block-gallery-is-layout-flex\">\n<figure class=\"wp-block-image size-large\"><img loading=\"lazy\" decoding=\"async\" width=\"1024\" height=\"768\" data-id=\"5023\" src=\"https:\/\/jettescamino.dk\/wp-content\/uploads\/2023\/04\/SDC10249-1024x768.jpg\" alt=\"\" class=\"wp-image-5023\"\/><\/figure>\n\n\n\n<figure class=\"wp-block-image size-large\"><img loading=\"lazy\" decoding=\"async\" width=\"1024\" height=\"768\" data-id=\"5022\" src=\"https:\/\/jettescamino.dk\/wp-content\/uploads\/2023\/04\/SDC10254-1024x768.jpg\" alt=\"\" class=\"wp-image-5022\"\/><\/figure>\n\n\n\n<figure class=\"wp-block-image size-large\"><img loading=\"lazy\" decoding=\"async\" width=\"1024\" height=\"768\" data-id=\"5019\" src=\"https:\/\/jettescamino.dk\/wp-content\/uploads\/2023\/04\/SDC10268-1024x768.jpg\" alt=\"\" class=\"wp-image-5019\"\/><\/figure>\n\n\n\n<figure class=\"wp-block-image size-large\"><img loading=\"lazy\" decoding=\"async\" width=\"1024\" height=\"768\" data-id=\"5018\" src=\"https:\/\/jettescamino.dk\/wp-content\/uploads\/2023\/04\/SDC10272-1024x768.jpg\" alt=\"\" class=\"wp-image-5018\"\/><\/figure>\n<\/figure>\n\n\n\n<figure class=\"wp-block-image size-large\"><img loading=\"lazy\" decoding=\"async\" width=\"1024\" height=\"768\" src=\"https:\/\/jettescamino.dk\/wp-content\/uploads\/2023\/04\/SDC10276-1024x768.jpg\" alt=\"\" class=\"wp-image-5017\"\/><\/figure>\n\n\n\n<figure class=\"wp-block-image size-large is-resized\"><img loading=\"lazy\" decoding=\"async\" width=\"1024\" height=\"768\" src=\"https:\/\/jettescamino.dk\/wp-content\/uploads\/2023\/04\/SDC10278-1024x768.jpg\" alt=\"\" class=\"wp-image-5026\" style=\"width:1024px;height:768px\"\/><\/figure>\n\n\n\n<p>P\u00e5 toppen er der et mindesm\u00e6rke for ham der grundlage Camino Madrid. <\/p>\n\n\n\n<p>Og det bl\u00e6ser vildt voldsomt, s\u00e5 det kan kun g\u00e5 for langsomt med at komme nedad igen.<\/p>\n\n\n\n<figure class=\"wp-block-gallery has-nested-images columns-default is-cropped wp-block-gallery-3 is-layout-flex wp-block-gallery-is-layout-flex\">\n<figure class=\"wp-block-image size-large\"><img loading=\"lazy\" decoding=\"async\" width=\"1024\" height=\"768\" data-id=\"5016\" src=\"https:\/\/jettescamino.dk\/wp-content\/uploads\/2023\/04\/SDC10290-1024x768.jpg\" alt=\"\" class=\"wp-image-5016\"\/><\/figure>\n\n\n\n<figure class=\"wp-block-image size-large\"><img loading=\"lazy\" decoding=\"async\" width=\"1024\" height=\"768\" data-id=\"5054\" src=\"https:\/\/jettescamino.dk\/wp-content\/uploads\/2023\/04\/SDC10285-1024x768.jpg\" alt=\"\" class=\"wp-image-5054\"\/><\/figure>\n<\/figure>\n\n\n\n<p>Der er ingen pilgrimme, men jeg kan h\u00f8re der er skovarbejdere der er i gang et sted i n\u00e6rheden.<\/p>\n\n\n\n<figure class=\"wp-block-image size-large\"><img loading=\"lazy\" decoding=\"async\" width=\"1024\" height=\"768\" src=\"https:\/\/jettescamino.dk\/wp-content\/uploads\/2023\/04\/SDC10295-1024x768.jpg\" alt=\"\" class=\"wp-image-5053\"\/><figcaption class=\"wp-element-caption\"><em>Sidder p\u00e5 en sokkel og nyder min dejlige madpakke<\/em><\/figcaption><\/figure>\n\n\n\n<p>Og snart m\u00f8der jeg udsigten over Segovia. Og en f\u00e5reflok. Men som altid n\u00e5r jeg ser s\u00e5dan en flok er jeg mega obs p\u00e5 bidske f\u00e5rehunde.<\/p>\n\n\n\n<figure class=\"wp-block-image size-large\"><img loading=\"lazy\" decoding=\"async\" width=\"1024\" height=\"768\" src=\"https:\/\/jettescamino.dk\/wp-content\/uploads\/2023\/04\/SDC10298-1024x768.jpg\" alt=\"\" class=\"wp-image-5013\"\/><\/figure>\n\n\n\n<p>Vejen var lang, men endelig n\u00e5r jeg Segovia. Og her er lige s\u00e5 smukt som jeg husker det.<\/p>\n\n\n\n<figure class=\"wp-block-gallery has-nested-images columns-default is-cropped wp-block-gallery-4 is-layout-flex wp-block-gallery-is-layout-flex\">\n<figure class=\"wp-block-image size-large\"><img loading=\"lazy\" decoding=\"async\" width=\"1024\" height=\"768\" data-id=\"5063\" src=\"https:\/\/jettescamino.dk\/wp-content\/uploads\/2023\/04\/SDC10305-1024x768.jpg\" alt=\"\" class=\"wp-image-5063\" srcset=\"https:\/\/jettescamino.dk\/wp-content\/uploads\/2023\/04\/SDC10305-1024x768.jpg 1024w, https:\/\/jettescamino.dk\/wp-content\/uploads\/2023\/04\/SDC10305-300x225.jpg 300w, https:\/\/jettescamino.dk\/wp-content\/uploads\/2023\/04\/SDC10305-768x576.jpg 768w, https:\/\/jettescamino.dk\/wp-content\/uploads\/2023\/04\/SDC10305-1536x1152.jpg 1536w, https:\/\/jettescamino.dk\/wp-content\/uploads\/2023\/04\/SDC10305-2048x1536.jpg 2048w\" sizes=\"auto, (max-width: 1024px) 100vw, 1024px\" \/><\/figure>\n\n\n\n<figure class=\"wp-block-image size-large\"><img loading=\"lazy\" decoding=\"async\" width=\"1024\" height=\"768\" data-id=\"5064\" src=\"https:\/\/jettescamino.dk\/wp-content\/uploads\/2023\/04\/SDC10307-1024x768.jpg\" alt=\"\" class=\"wp-image-5064\" srcset=\"https:\/\/jettescamino.dk\/wp-content\/uploads\/2023\/04\/SDC10307-1024x768.jpg 1024w, https:\/\/jettescamino.dk\/wp-content\/uploads\/2023\/04\/SDC10307-300x225.jpg 300w, https:\/\/jettescamino.dk\/wp-content\/uploads\/2023\/04\/SDC10307-768x576.jpg 768w, https:\/\/jettescamino.dk\/wp-content\/uploads\/2023\/04\/SDC10307-1536x1152.jpg 1536w, https:\/\/jettescamino.dk\/wp-content\/uploads\/2023\/04\/SDC10307-2048x1536.jpg 2048w\" sizes=\"auto, (max-width: 1024px) 100vw, 1024px\" \/><\/figure>\n<\/figure>\n\n\n\n<figure class=\"wp-block-image size-large\"><img loading=\"lazy\" decoding=\"async\" width=\"1024\" height=\"768\" src=\"https:\/\/jettescamino.dk\/wp-content\/uploads\/2023\/04\/SDC10308-1024x768.jpg\" alt=\"\" class=\"wp-image-5065\" srcset=\"https:\/\/jettescamino.dk\/wp-content\/uploads\/2023\/04\/SDC10308-1024x768.jpg 1024w, https:\/\/jettescamino.dk\/wp-content\/uploads\/2023\/04\/SDC10308-300x225.jpg 300w, https:\/\/jettescamino.dk\/wp-content\/uploads\/2023\/04\/SDC10308-768x576.jpg 768w, https:\/\/jettescamino.dk\/wp-content\/uploads\/2023\/04\/SDC10308-1536x1152.jpg 1536w, https:\/\/jettescamino.dk\/wp-content\/uploads\/2023\/04\/SDC10308-2048x1536.jpg 2048w\" sizes=\"auto, (max-width: 1024px) 100vw, 1024px\" \/><\/figure>\n\n\n\n<figure class=\"wp-block-gallery has-nested-images columns-default is-cropped wp-block-gallery-5 is-layout-flex wp-block-gallery-is-layout-flex\">\n<figure class=\"wp-block-image size-large\"><img loading=\"lazy\" decoding=\"async\" width=\"1024\" height=\"768\" data-id=\"5094\" src=\"https:\/\/jettescamino.dk\/wp-content\/uploads\/2023\/04\/SDC10330-1-1024x768.jpg\" alt=\"\" class=\"wp-image-5094\"\/><figcaption class=\"wp-element-caption\">Iglesia de la Vera Cruz<\/figcaption><\/figure>\n\n\n\n<figure class=\"wp-block-image size-large\"><img loading=\"lazy\" decoding=\"async\" width=\"1024\" height=\"768\" data-id=\"5093\" src=\"https:\/\/jettescamino.dk\/wp-content\/uploads\/2023\/04\/SDC10325-1024x768.jpg\" alt=\"\" class=\"wp-image-5093\"\/><figcaption class=\"wp-element-caption\">Alc\u00e1zar de Segovia<\/figcaption><\/figure>\n<\/figure>\n\n\n\n<p>Iglesia de la Vera Cruz. Desv\u00e6rre lykkedes det mig heller ikke denne gang at komme forbi i \u00e5bningstiden. Borgen Alc\u00e1zar de Segovia har jeg derimod bes\u00f8gt i 2008. Segovia er virkelig et bes\u00f8g v\u00e6rd. H\u00e5ber jeg kommer der igen.<\/p>\n\n\n\n<p>G\u00e5r p\u00e5 turistbureauet for at f\u00e5 overnatning. Men desv\u00e6rre er der intet alberge i byen. Hvad g\u00f8r jeg s\u00e5?<\/p>\n\n\n\n<p>Der er en lille kirke uden for byen. Der m\u00e5 du gerne sove. Ok, er der bad og toilet? Nej desv\u00e6rre og d\u00f8ren bliver l\u00e5st om natten. Skal jeg s\u00e5 tisse i d\u00f8befonden?<br>Det dur bare ikke. S\u00e5 jeg m\u00e5 g\u00e5 videre. Men p\u00e5 vej v\u00e6k fra centrum kom jeg forbi denne pension.<\/p>\n\n\n\n<figure class=\"wp-block-image size-large\"><img loading=\"lazy\" decoding=\"async\" width=\"1024\" height=\"768\" src=\"https:\/\/jettescamino.dk\/wp-content\/uploads\/2023\/04\/SDC10313-1024x768.jpg\" alt=\"\" class=\"wp-image-5066\" srcset=\"https:\/\/jettescamino.dk\/wp-content\/uploads\/2023\/04\/SDC10313-1024x768.jpg 1024w, https:\/\/jettescamino.dk\/wp-content\/uploads\/2023\/04\/SDC10313-300x225.jpg 300w, https:\/\/jettescamino.dk\/wp-content\/uploads\/2023\/04\/SDC10313-768x576.jpg 768w, https:\/\/jettescamino.dk\/wp-content\/uploads\/2023\/04\/SDC10313-1536x1152.jpg 1536w, https:\/\/jettescamino.dk\/wp-content\/uploads\/2023\/04\/SDC10313-2048x1536.jpg 2048w\" sizes=\"auto, (max-width: 1024px) 100vw, 1024px\" \/><\/figure>\n\n\n\n<p>Hvorfor pokker anbefalede turistbureauet ikke det her sted. Godt nok g\u00e5r man som pilgrim under primitive forhold. Men man vil da gerne have tag over hovedet og et sted at klare de fysiske forn\u00f8denheder. Her sov jeg i hvert fald dejligt.<\/p>\n\n\n\n<p><a href=\"https:\/\/jettescamino.dk\/?page_id=4929\">N\u00e6ste<\/a><\/p>\n","protected":false},"excerpt":{"rendered":"<p>I dag har jeg besteget et bjerg. Det var meget h\u00e5rdt og vejen var lang. Op til 1800 h\u00f8jdemeter med en 10% stigning. Der var mange kort og vejvisninger undervejs.&hellip; <\/p>\n","protected":false},"author":1,"featured_media":0,"parent":4903,"menu_order":4,"comment_status":"closed","ping_status":"closed","template":"","meta":{"footnotes":""},"class_list":["post-4927","page","type-page","status-publish","hentry"],"_links":{"self":[{"href":"https:\/\/jettescamino.dk\/index.php?rest_route=\/wp\/v2\/pages\/4927","targetHints":{"allow":["GET"]}}],"collection":[{"href":"https:\/\/jettescamino.dk\/index.php?rest_route=\/wp\/v2\/pages"}],"about":[{"href":"https:\/\/jettescamino.dk\/index.php?rest_route=\/wp\/v2\/types\/page"}],"author":[{"embeddable":true,"href":"https:\/\/jettescamino.dk\/index.php?rest_route=\/wp\/v2\/users\/1"}],"replies":[{"embeddable":true,"href":"https:\/\/jettescamino.dk\/index.php?rest_route=%2Fwp%2Fv2%2Fcomments&post=4927"}],"version-history":[{"count":27,"href":"https:\/\/jettescamino.dk\/index.php?rest_route=\/wp\/v2\/pages\/4927\/revisions"}],"predecessor-version":[{"id":7861,"href":"https:\/\/jettescamino.dk\/index.php?rest_route=\/wp\/v2\/pages\/4927\/revisions\/7861"}],"up":[{"embeddable":true,"href":"https:\/\/jettescamino.dk\/index.php?rest_route=\/wp\/v2\/pages\/4903"}],"wp:attachment":[{"href":"https:\/\/jettescamino.dk\/index.php?rest_route=%2Fwp%2Fv2%2Fmedia&parent=4927"}],"curies":[{"name":"wp","href":"https:\/\/api.w.org\/{rel}","templated":true}]}}