{"id":80,"date":"2022-03-30T13:36:09","date_gmt":"2022-03-30T13:36:09","guid":{"rendered":"http:\/\/jettescamino.dk\/?page_id=80"},"modified":"2026-03-18T10:25:47","modified_gmt":"2026-03-18T10:25:47","slug":"en-pilgrims-tanker-og-oplevelser-paa-de-spanske-stier","status":"publish","type":"page","link":"https:\/\/jettescamino.dk\/","title":{"rendered":""},"content":{"rendered":"\n<h2 class=\"wp-block-heading has-black-color has-luminous-vivid-orange-background-color has-text-color has-background has-medium-font-size\">2026<\/h2>\n\n\n\n<p>Dette er prim\u00e6rt beskrivelser jeg har skrevet til mig selv for at mindes, men da det ofte sker at folk sp\u00f8rger ind til mine ture, har jeg valgt at l\u00e6gge dem op her.&nbsp;<\/p>\n\n\n\n<p>Topbilledet er fra de bl\u00e5 bjerge i Pyren\u00e6erne p\u00e5 min f\u00f8rste dag p\u00e5 min f\u00f8rste camino. Jeg stod lige n\u00f8jagtig her, da det var ved at g\u00e5 op for mig hvad det var jeg havde indladt mig p\u00e5. Og jeg f\u00f8lte simpelthen at mit hjerte var ved at spr\u00e6nges af salighed. Jeg har aldrig f\u00f8r st\u00e5et p\u00e5 et bjerg, men her f\u00f8lte jeg simpelthen at jeg bare skulle r\u00e6kke op og s\u00e5 var der en der tog mig i h\u00e5nden.<\/p>\n\n\n\n<figure class=\"wp-block-image size-large\"><img loading=\"lazy\" decoding=\"async\" width=\"1024\" height=\"744\" src=\"https:\/\/jettescamino.dk\/wp-content\/uploads\/2022\/10\/Los-caminos-1024x744.png\" alt=\"\" class=\"wp-image-4407\"\/><\/figure>\n\n\n\n<p>De r\u00f8de ruter er dem jeg har g\u00e5et. Nogen af dem flere gange.<\/p>\n\n\n\n<p>Du kan ikke bruge min side til af finde vej og overnatning p\u00e5 din tur, der m\u00e5 man ty til det utal af guide b\u00f8ger der er udgivet p\u00e5 diverse sprog.<\/p>\n\n\n\n<p><\/p>\n\n\n\n<div class=\"wp-block-columns is-layout-flex wp-container-core-columns-is-layout-9d6595d7 wp-block-columns-is-layout-flex\">\n<div class=\"wp-block-column is-layout-flow wp-block-column-is-layout-flow\">\n<figure class=\"wp-block-image size-large\"><img loading=\"lazy\" decoding=\"async\" width=\"1024\" height=\"768\" src=\"https:\/\/jettescamino.dk\/wp-content\/uploads\/2022\/04\/IMG_0196-1024x768.jpg\" alt=\"Skulptur p\u00e5 toppen af Alto del Perdon\" class=\"wp-image-346\"\/><\/figure>\n\n\n\n<p><a href=\"https:\/\/jettescamino.dk\/?page_id=85\">2006 Camino France<\/a><\/p>\n<\/div>\n\n\n\n<div class=\"wp-block-column is-layout-flow wp-block-column-is-layout-flow\">\n<figure class=\"wp-block-image size-large\"><a href=\"https:\/\/jettescamino.dk\/?page_id=83\"><img loading=\"lazy\" decoding=\"async\" width=\"1024\" height=\"768\" src=\"https:\/\/jettescamino.dk\/wp-content\/uploads\/2022\/04\/IMG_5617-1024x768.jpg\" alt=\"La costa\" class=\"wp-image-193\" srcset=\"https:\/\/jettescamino.dk\/wp-content\/uploads\/2022\/04\/IMG_5617-1024x768.jpg 1024w, https:\/\/jettescamino.dk\/wp-content\/uploads\/2022\/04\/IMG_5617-300x225.jpg 300w, https:\/\/jettescamino.dk\/wp-content\/uploads\/2022\/04\/IMG_5617-768x576.jpg 768w, https:\/\/jettescamino.dk\/wp-content\/uploads\/2022\/04\/IMG_5617-1536x1152.jpg 1536w, https:\/\/jettescamino.dk\/wp-content\/uploads\/2022\/04\/IMG_5617.jpg 1600w\" sizes=\"auto, (max-width: 1024px) 100vw, 1024px\" \/><\/a><\/figure>\n\n\n\n<p><a href=\"https:\/\/jettescamino.dk\/?page_id=83\">2008 Camino la Costa+Primitivo<\/a><\/p>\n<\/div>\n\n\n\n<div class=\"wp-block-column is-layout-flow wp-block-column-is-layout-flow\">\n<figure class=\"wp-block-image size-large\"><a href=\"https:\/\/jettescamino.dk\/?page_id=97\"><img loading=\"lazy\" decoding=\"async\" width=\"1024\" height=\"768\" src=\"https:\/\/jettescamino.dk\/wp-content\/uploads\/2022\/03\/SDC10196-1024x768.jpg\" alt=\"Tore del Oro\" class=\"wp-image-104\"\/><\/a><\/figure>\n\n\n\n<p><a href=\"https:\/\/jettescamino.dk\/?page_id=97\">2010 Camino la Plata<\/a><\/p>\n<\/div>\n\n\n\n<div class=\"wp-block-column is-layout-flow wp-block-column-is-layout-flow\">\n<figure class=\"wp-block-image size-large\"><a href=\"https:\/\/jettescamino.dk\/?page_id=3121\"><img loading=\"lazy\" decoding=\"async\" width=\"1024\" height=\"768\" src=\"https:\/\/jettescamino.dk\/wp-content\/uploads\/2022\/11\/Forside-2011-1-1024x768.jpg\" alt=\"\" class=\"wp-image-4848\"\/><\/a><\/figure>\n\n\n\n<p><a href=\"https:\/\/jettescamino.dk\/?page_id=3121\">2011 Camino Aragones<\/a><\/p>\n<\/div>\n<\/div>\n\n\n\n<div class=\"wp-block-columns is-layout-flex wp-container-core-columns-is-layout-9d6595d7 wp-block-columns-is-layout-flex\">\n<div class=\"wp-block-column is-layout-flow wp-block-column-is-layout-flow\">\n<figure class=\"wp-block-image size-large\"><a href=\"https:\/\/jettescamino.dk\/?page_id=4903\"><img loading=\"lazy\" decoding=\"async\" width=\"300\" height=\"169\" src=\"https:\/\/jettescamino.dk\/wp-content\/uploads\/2022\/04\/053-scaled-e1660396902580-300x169.jpg\" alt=\"\" class=\"wp-image-540\" srcset=\"https:\/\/jettescamino.dk\/wp-content\/uploads\/2022\/04\/053-scaled-e1660396902580-300x169.jpg 300w, https:\/\/jettescamino.dk\/wp-content\/uploads\/2022\/04\/053-scaled-e1660396902580-768x432.jpg 768w, https:\/\/jettescamino.dk\/wp-content\/uploads\/2022\/04\/053-scaled-e1660396902580.jpg 1024w\" sizes=\"auto, (max-width: 300px) 100vw, 300px\" \/><\/a><figcaption class=\"wp-element-caption\"><a href=\"https:\/\/jettescamino.dk\/?page_id=4903\">2012 Camino Madrid<\/a><br><\/figcaption><\/figure>\n<\/div>\n\n\n\n<div class=\"wp-block-column is-layout-flow wp-block-column-is-layout-flow\">\n<figure class=\"wp-block-image size-large\"><img loading=\"lazy\" decoding=\"async\" width=\"1024\" height=\"576\" src=\"https:\/\/jettescamino.dk\/wp-content\/uploads\/2022\/04\/IMG_0415-1024x576.jpg\" alt=\"\" class=\"wp-image-543\"\/><figcaption class=\"wp-element-caption\"><a href=\"https:\/\/jettescamino.dk\/?page_id=5270\">2014 Camino la Costa<\/a><\/figcaption><\/figure>\n<\/div>\n\n\n\n<div class=\"wp-block-column is-layout-flow wp-block-column-is-layout-flow\">\n<figure class=\"wp-block-image size-large\"><img decoding=\"async\" src=\"https:\/\/jettescamino.dk\/wp-content\/uploads\/2022\/04\/IMG_1583-1024x576.jpg\" alt=\"\" class=\"wp-image-544\"\/><figcaption class=\"wp-element-caption\"><a href=\"https:\/\/jettescamino.dk\/?page_id=5283\">2015 Camino Primitivo+ Finasterra<\/a><br>Fotodagbog<\/figcaption><\/figure>\n<\/div>\n\n\n\n<div class=\"wp-block-column is-layout-flow wp-block-column-is-layout-flow\">\n<figure class=\"wp-block-image size-large\"><img loading=\"lazy\" decoding=\"async\" width=\"1024\" height=\"576\" src=\"https:\/\/jettescamino.dk\/wp-content\/uploads\/2022\/04\/IMG_3221-1024x576.jpg\" alt=\"\" class=\"wp-image-545\"\/><figcaption class=\"wp-element-caption\"><a href=\"https:\/\/jettescamino.dk\/?page_id=5476\">2016 Camino Pourtoguise<\/a><br>Fotodagbog <\/figcaption><\/figure>\n<\/div>\n<\/div>\n\n\n\n<div class=\"wp-block-columns is-layout-flex wp-container-core-columns-is-layout-9d6595d7 wp-block-columns-is-layout-flex\">\n<div class=\"wp-block-column is-layout-flow wp-block-column-is-layout-flow\">\n<figure class=\"wp-block-image size-large\"><a href=\"https:\/\/jettescamino.dk\/?page_id=5670\"><img loading=\"lazy\" decoding=\"async\" width=\"1024\" height=\"576\" src=\"https:\/\/jettescamino.dk\/wp-content\/uploads\/2022\/04\/IMG_3983-1024x576.jpg\" alt=\"\" class=\"wp-image-546\"\/><\/a><figcaption class=\"wp-element-caption\"><a href=\"https:\/\/jettescamino.dk\/?page_id=5670\">2017 Camino Aragones<\/a><br>Fotodagbog<\/figcaption><\/figure>\n<\/div>\n\n\n\n<div class=\"wp-block-column is-layout-flow wp-block-column-is-layout-flow\">\n<figure class=\"wp-block-image size-large\"><img loading=\"lazy\" decoding=\"async\" width=\"1024\" height=\"576\" src=\"https:\/\/jettescamino.dk\/wp-content\/uploads\/2022\/04\/IMG_5169-1024x576.jpg\" alt=\"\" class=\"wp-image-557\"\/><figcaption class=\"wp-element-caption\"><a href=\"https:\/\/jettescamino.dk\/?page_id=6471\">2018 Le Puy<\/a><br>Fotodagbog<\/figcaption><\/figure>\n<\/div>\n\n\n\n<div class=\"wp-block-column is-layout-flow wp-block-column-is-layout-flow\">\n<figure class=\"wp-block-image size-full\"><img loading=\"lazy\" decoding=\"async\" width=\"1024\" height=\"564\" src=\"https:\/\/jettescamino.dk\/wp-content\/uploads\/2022\/08\/2019forside.png\" alt=\"\" class=\"wp-image-4169\" srcset=\"https:\/\/jettescamino.dk\/wp-content\/uploads\/2022\/08\/2019forside.png 1024w, https:\/\/jettescamino.dk\/wp-content\/uploads\/2022\/08\/2019forside-300x165.png 300w, https:\/\/jettescamino.dk\/wp-content\/uploads\/2022\/08\/2019forside-768x423.png 768w\" sizes=\"auto, (max-width: 1024px) 100vw, 1024px\" \/><figcaption class=\"wp-element-caption\"><a href=\"https:\/\/jettescamino.dk\/?page_id=6473\">2019 Camino Catal\u00e1n I<\/a><br>Fotodagbog <\/figcaption><\/figure>\n<\/div>\n\n\n\n<div class=\"wp-block-column is-layout-flow wp-block-column-is-layout-flow\">\n<figure class=\"wp-block-image size-full\"><img loading=\"lazy\" decoding=\"async\" width=\"1024\" height=\"576\" src=\"https:\/\/jettescamino.dk\/wp-content\/uploads\/2022\/11\/Forside-2022.png\" alt=\"\" class=\"wp-image-4602\" srcset=\"https:\/\/jettescamino.dk\/wp-content\/uploads\/2022\/11\/Forside-2022.png 1024w, https:\/\/jettescamino.dk\/wp-content\/uploads\/2022\/11\/Forside-2022-300x169.png 300w, https:\/\/jettescamino.dk\/wp-content\/uploads\/2022\/11\/Forside-2022-768x432.png 768w\" sizes=\"auto, (max-width: 1024px) 100vw, 1024px\" \/><figcaption class=\"wp-element-caption\"><a href=\"https:\/\/jettescamino.dk\/?page_id=4291\">2022 Camino Ingles+ Finasterra+Muxia<\/a><\/figcaption><\/figure>\n<\/div>\n<\/div>\n\n\n\n<div class=\"wp-block-columns is-layout-flex wp-container-core-columns-is-layout-9d6595d7 wp-block-columns-is-layout-flex\">\n<div class=\"wp-block-column is-layout-flow wp-block-column-is-layout-flow\">\n<figure class=\"wp-block-image size-full\"><img loading=\"lazy\" decoding=\"async\" width=\"1024\" height=\"576\" src=\"https:\/\/jettescamino.dk\/wp-content\/uploads\/2024\/01\/Forside-2023-IMG_3907-e1706354357874.jpg\" alt=\"\" class=\"wp-image-6917\" srcset=\"https:\/\/jettescamino.dk\/wp-content\/uploads\/2024\/01\/Forside-2023-IMG_3907-e1706354357874.jpg 1024w, https:\/\/jettescamino.dk\/wp-content\/uploads\/2024\/01\/Forside-2023-IMG_3907-e1706354357874-300x169.jpg 300w, https:\/\/jettescamino.dk\/wp-content\/uploads\/2024\/01\/Forside-2023-IMG_3907-e1706354357874-768x432.jpg 768w\" sizes=\"auto, (max-width: 1024px) 100vw, 1024px\" \/><figcaption class=\"wp-element-caption\"><a href=\"https:\/\/jettescamino.dk\/?page_id=5690\">2023 Camino Catalan+ Camino Aragon+ Camino Frances<\/a><\/figcaption><\/figure>\n<\/div>\n\n\n\n<div class=\"wp-block-column is-layout-flow wp-block-column-is-layout-flow\">\n<figure class=\"wp-block-image size-full\"><a href=\"https:\/\/jettescamino.dk\/?page_id=7410\"><img loading=\"lazy\" decoding=\"async\" width=\"1024\" height=\"576\" src=\"https:\/\/jettescamino.dk\/wp-content\/uploads\/2024\/11\/forside-2024ny.png\" alt=\"\" class=\"wp-image-7628\" srcset=\"https:\/\/jettescamino.dk\/wp-content\/uploads\/2024\/11\/forside-2024ny.png 1024w, https:\/\/jettescamino.dk\/wp-content\/uploads\/2024\/11\/forside-2024ny-300x169.png 300w, https:\/\/jettescamino.dk\/wp-content\/uploads\/2024\/11\/forside-2024ny-768x432.png 768w\" sizes=\"auto, (max-width: 1024px) 100vw, 1024px\" \/><\/a><figcaption class=\"wp-element-caption\"><a href=\"https:\/\/jettescamino.dk\/?page_id=7410\" data-type=\"page\" data-id=\"7410\">2024 Camino Portugues + Muxia + Finaster<\/a><\/figcaption><\/figure>\n<\/div>\n\n\n\n<div class=\"wp-block-column is-layout-flow wp-block-column-is-layout-flow\">\n<figure class=\"wp-block-image size-full\"><img loading=\"lazy\" decoding=\"async\" width=\"1024\" height=\"571\" src=\"https:\/\/jettescamino.dk\/wp-content\/uploads\/2025\/07\/forside-IMG_6387.jpg\" alt=\"\" class=\"wp-image-8102\" srcset=\"https:\/\/jettescamino.dk\/wp-content\/uploads\/2025\/07\/forside-IMG_6387.jpg 1024w, https:\/\/jettescamino.dk\/wp-content\/uploads\/2025\/07\/forside-IMG_6387-300x167.jpg 300w, https:\/\/jettescamino.dk\/wp-content\/uploads\/2025\/07\/forside-IMG_6387-768x428.jpg 768w\" sizes=\"auto, (max-width: 1024px) 100vw, 1024px\" \/><figcaption class=\"wp-element-caption\"> <a href=\"https:\/\/jettescamino.dk\/?page_id=7890\" data-type=\"page\" data-id=\"7890\">2025 Via Augusta<\/a><\/figcaption><\/figure>\n<\/div>\n\n\n\n<div class=\"wp-block-column is-layout-flow wp-block-column-is-layout-flow\">\n<p><\/p>\n<\/div>\n<\/div>\n\n\n\n<p><\/p>\n","protected":false},"excerpt":{"rendered":"<p>2026 Dette er prim\u00e6rt beskrivelser jeg har skrevet til mig selv for at mindes, men da det ofte sker at folk sp\u00f8rger ind til mine ture, har jeg valgt at&hellip; <\/p>\n","protected":false},"author":1,"featured_media":0,"parent":0,"menu_order":0,"comment_status":"closed","ping_status":"closed","template":"","meta":{"footnotes":""},"class_list":["post-80","page","type-page","status-publish","hentry"],"_links":{"self":[{"href":"https:\/\/jettescamino.dk\/index.php?rest_route=\/wp\/v2\/pages\/80","targetHints":{"allow":["GET"]}}],"collection":[{"href":"https:\/\/jettescamino.dk\/index.php?rest_route=\/wp\/v2\/pages"}],"about":[{"href":"https:\/\/jettescamino.dk\/index.php?rest_route=\/wp\/v2\/types\/page"}],"author":[{"embeddable":true,"href":"https:\/\/jettescamino.dk\/index.php?rest_route=\/wp\/v2\/users\/1"}],"replies":[{"embeddable":true,"href":"https:\/\/jettescamino.dk\/index.php?rest_route=%2Fwp%2Fv2%2Fcomments&post=80"}],"version-history":[{"count":189,"href":"https:\/\/jettescamino.dk\/index.php?rest_route=\/wp\/v2\/pages\/80\/revisions"}],"predecessor-version":[{"id":8135,"href":"https:\/\/jettescamino.dk\/index.php?rest_route=\/wp\/v2\/pages\/80\/revisions\/8135"}],"wp:attachment":[{"href":"https:\/\/jettescamino.dk\/index.php?rest_route=%2Fwp%2Fv2%2Fmedia&parent=80"}],"curies":[{"name":"wp","href":"https:\/\/api.w.org\/{rel}","templated":true}]}}